{"id":6,"date":"2022-03-21T14:37:20","date_gmt":"2022-03-21T13:37:20","guid":{"rendered":"https:\/\/la-barberie.fr\/?page_id=6"},"modified":"2025-02-07T14:51:26","modified_gmt":"2025-02-07T13:51:26","slug":"accueil","status":"publish","type":"page","link":"https:\/\/la-barberie.fr\/","title":{"rendered":"Accueil"},"content":{"rendered":"<p>[vc_row el_class=\u00a0\u00bbformulaire_reduit ombre_interne\u00a0\u00bb css=\u00a0\u00bb.vc_custom_1663339783683{padding-top: 40px !important;padding-bottom: 40px !important;}\u00a0\u00bb][vc_column][vc_text_separator title=\u00a0\u00bbR\u00e9servez en ligne un maison de vacances en Normandie pr\u00e8s de Sainte M\u00e8re \u00c9glise :\u00a0\u00bb title_align=\u00a0\u00bbseparator_align_left\u00a0\u00bb color=\u00a0\u00bbcustom\u00a0\u00bb accent_color=\u00a0\u00bb#0e8cff\u00a0\u00bb css=\u00a0\u00bb.vc_custom_1667848574802{padding-bottom: 32px !important;}\u00a0\u00bb][vc_column_text][\/vc_column_text][vc_column_text]<em>* Frais de m\u00e9nage pour le s\u00e9jour : 180 \u20ac<\/em>[\/vc_column_text][\/vc_column][\/vc_row][vc_row css=\u00a0\u00bb.vc_custom_1644314998263{padding-top: 30px !important;}\u00a0\u00bb el_class=\u00a0\u00bbicones_accueil\u00a0\u00bb][vc_column]<div class=\"prelude-carousel-box arrow-style-1 arrow-center offsetcenter offset-v0 arrow50\" data-auto=\"true\" data-loop=\"true\" data-gap=\"80\" data-column=\"3\" data-column2=\"2\" data-column3=\"1\">\n        <div class=\"owl-carousel owl-theme\"><div class=\"prelude-image-box clearfix style-1 text-center\" style=\"\" >\n        <div class=\"item\">\n            <div class=\"inner\">\n                <div class=\"thumb\" style=\"\"><img loading=\"lazy\" decoding=\"async\" width=\"330\" height=\"330\" src=\"https:\/\/la-barberie.fr\/wp-content\/uploads\/2022\/05\/gite01.jpg\" class=\"attachment-full size-full\" alt=\"\" srcset=\"https:\/\/la-barberie.fr\/wp-content\/uploads\/2022\/05\/gite01.jpg 330w, https:\/\/la-barberie.fr\/wp-content\/uploads\/2022\/05\/gite01-300x300.jpg 300w, https:\/\/la-barberie.fr\/wp-content\/uploads\/2022\/05\/gite01-150x150.jpg 150w, https:\/\/la-barberie.fr\/wp-content\/uploads\/2022\/05\/gite01-140x140.jpg 140w\" sizes=\"auto, (max-width: 330px) 100vw, 330px\" \/> <\/div>\n                <div class=\"text-wrap \" style=\" padding:10px;\">\n                    <h3 class=\"title\" style=\"font-size:25px;color:#0e8cff;margin-bottom:20px;\">\n            Maison 4 Chambres (10 pers.)\n        <\/h3> <div class=\"desc\" style=\"font-weight:400;\">Cette maison de vacances comprend 4 chambres, 2 salles de bains, du linge de lit, des serviettes, une t\u00e9l\u00e9vision \u00e0 \u00e9cran plat, un coin repas, une cuisine enti\u00e8rement \u00e9quip\u00e9e et une terrasse avec vue sur le jardin.<\/div> <div class=\"url-wrap\">\n            <a target=\"_self\" class=\"prelude-button big btn-1544153899 custom custom outline solid custom\" href=\"https:\/\/la-barberie.fr\/le-gite\/\" style=\"border-width:1px;\"  data-background=\"#1c3a5c\" data-text=\"#ffffff\" data-border=\"\" data-text-hover=\"#1c3a5c\" data-background-hover=\"#ecf0f1\">En Savoir Plus<\/a>\n        <\/div>\n                <\/div>\n                \n            <\/div>\n        <\/div>\n    <\/div><div class=\"prelude-image-box clearfix style-1 text-center\" style=\"\" >\n        <div class=\"item\">\n            <div class=\"inner\">\n                <div class=\"thumb\" style=\"\"><img loading=\"lazy\" decoding=\"async\" width=\"330\" height=\"330\" src=\"https:\/\/la-barberie.fr\/wp-content\/uploads\/2022\/05\/dday.jpg\" class=\"attachment-full size-full\" alt=\"\" srcset=\"https:\/\/la-barberie.fr\/wp-content\/uploads\/2022\/05\/dday.jpg 330w, https:\/\/la-barberie.fr\/wp-content\/uploads\/2022\/05\/dday-300x300.jpg 300w, https:\/\/la-barberie.fr\/wp-content\/uploads\/2022\/05\/dday-150x150.jpg 150w, https:\/\/la-barberie.fr\/wp-content\/uploads\/2022\/05\/dday-140x140.jpg 140w\" sizes=\"auto, (max-width: 330px) 100vw, 330px\" \/> <\/div>\n                <div class=\"text-wrap \" style=\" padding:10px;\">\n                    <h3 class=\"title\" style=\"font-size:25px;color:#0e8cff;margin-bottom:20px;\">\n            Revivez le d\u00e9barquement\n        <\/h3> <div class=\"desc\" style=\"font-weight:400;\">D\u00e9couvrez des lieux charg\u00e9s d'histoires, des endroits mythiques du d\u00e9barquement en Normandie. N'h\u00e9sitez-pas \u00e0 consulter les lieux touristiques que nous vous proposons.<\/div> <div class=\"url-wrap\">\n            <a target=\"_self\" class=\"prelude-button big btn-1551103208 custom custom outline solid custom\" href=\"https:\/\/la-barberie.fr\/visites-actvites\/\" style=\"border-width:1px;\"  data-background=\"#1c3a5c\" data-text=\"#ffffff\" data-border=\"\" data-text-hover=\"#1c3a5c\" data-background-hover=\"#ecf0f1\">En Savoir Plus<\/a>\n        <\/div>\n                <\/div>\n                \n            <\/div>\n        <\/div>\n    <\/div><div class=\"prelude-image-box clearfix style-1 text-center\" style=\"\" >\n        <div class=\"item\">\n            <div class=\"inner\">\n                <div class=\"thumb\" style=\"\"><img loading=\"lazy\" decoding=\"async\" width=\"330\" height=\"330\" src=\"https:\/\/la-barberie.fr\/wp-content\/uploads\/2022\/05\/chambre.jpg\" class=\"attachment-full size-full\" alt=\"\" srcset=\"https:\/\/la-barberie.fr\/wp-content\/uploads\/2022\/05\/chambre.jpg 330w, https:\/\/la-barberie.fr\/wp-content\/uploads\/2022\/05\/chambre-300x300.jpg 300w, https:\/\/la-barberie.fr\/wp-content\/uploads\/2022\/05\/chambre-150x150.jpg 150w, https:\/\/la-barberie.fr\/wp-content\/uploads\/2022\/05\/chambre-140x140.jpg 140w\" sizes=\"auto, (max-width: 330px) 100vw, 330px\" \/> <\/div>\n                <div class=\"text-wrap \" style=\" padding:10px;\">\n                    <h3 class=\"title\" style=\"font-size:25px;color:#0e8cff;margin-bottom:20px;\">\n            Votre s\u00e9jour en Normandie\n        <\/h3> <div class=\"desc\" style=\"font-weight:400;\">R\u00e9servez votre s\u00e9jour en ligne, utilisez notre formulaire de r\u00e9servation s\u00e9curis\u00e9 et choisissez vos dates !<\/div> <div class=\"url-wrap\">\n            <a target=\"_self\" class=\"prelude-button big btn-1923999536 custom custom outline solid custom\" href=\"https:\/\/la-barberie.fr\/reserver\/\" style=\"border-width:1px;\"  data-background=\"#1c3a5c\" data-text=\"#ffffff\" data-border=\"\" data-text-hover=\"#1c3a5c\" data-background-hover=\"#ecf0f1\">En Savoir Plus<\/a>\n        <\/div>\n                <\/div>\n                \n            <\/div>\n        <\/div>\n    <\/div><\/div>\n\t<\/div>[\/vc_column][\/vc_row][vc_row css=\u00a0\u00bb.vc_custom_1652965432834{margin-top: -150px !important;background-color: #ecf0f1 !important;background-position: 0 0 !important;background-repeat: no-repeat !important;}\u00a0\u00bb el_class=\u00a0\u00bbbiseau_simple bg_droite_bas bg_colonne\u00a0\u00bb][vc_column]\n\t<div class=\"prelude-spacer clearfix\" data-desktop=\"40\" data-mobi=\"40\" data-smobi=\"150\"><\/div>[vc_row_inner][vc_column_inner][vc_custom_heading text=\u00a0\u00bbLa Barberie G\u00eete \u00e0 Saint-Marcouf en Normandie\u00a0\u00bb font_container=\u00a0\u00bbtag:h4|text_align:center|color:%230e8cff\u00a0\u00bb use_theme_fonts=\u00a0\u00bbyes\u00a0\u00bb][\/vc_column_inner][\/vc_row_inner][vc_row_inner][vc_column_inner][vc_column_text]<\/p>\n<p style=\"text-align: center;\"><strong>Gite Situ\u00e9 \u00e0 Saint-Marcouf, en Basse-Normandie pr\u00e8s de <a href=\"https:\/\/la-barberie.fr\/sainte-mere-eglise\/\">Sainte M\u00e8re \u00c9glise<\/a><\/strong>, l&rsquo;\u00e9tablissement La Barberie \u00e0 Saint-Marcouf dispose d&rsquo;un jardin. Vous s\u00e9journerez \u00e0 25 km de Barfleur. Vous b\u00e9n\u00e9ficierez gratuitement d&rsquo;un parking priv\u00e9 sur place et d&rsquo;une connexion Wi-Fi&#8230;<\/p>\n<p>[\/vc_column_text][\/vc_column_inner][\/vc_row_inner]\n\t<div class=\"prelude-spacer clearfix\" data-desktop=\"30\" data-mobi=\"30\" data-smobi=\"30\"><\/div>[\/vc_column][\/vc_row][vc_row row_content_position=\u00a0\u00bbmiddle\u00a0\u00bb row_equal_height=\u00a0\u00bbyes\u00a0\u00bb fullwidth=\u00a0\u00bbyes\u00a0\u00bb][vc_column width=\u00a0\u00bb1\/2&Prime; css=\u00a0\u00bb.vc_custom_1652967336276{padding-top: 40px !important;padding-right: 10% !important;padding-bottom: 40px !important;padding-left: 10% !important;background-position: center !important;background-repeat: no-repeat !important;background-size: cover !important;}\u00a0\u00bb el_class=\u00a0\u00bbbg_droite_bas\u00a0\u00bb][vc_empty_space height=\u00a0\u00bb40px\u00a0\u00bb][vc_custom_heading text=\u00a0\u00bbG\u00eete en Basse Normandie\u00a0\u00bb font_container=\u00a0\u00bbtag:h4|text_align:center|color:%230e8cff\u00a0\u00bb use_theme_fonts=\u00a0\u00bbyes\u00a0\u00bb css=\u00a0\u00bb.vc_custom_1652969084006{margin-bottom: 0px !important;padding-bottom: 0px !important;}\u00a0\u00bb][vc_custom_heading text=\u00a0\u00bbD\u00e9couvrez les lieux historiques du d\u00e9barquement\u00a0\u00bb font_container=\u00a0\u00bbtag:h4|font_size:18px|text_align:center|color:%231c3a5c|line_height:18px\u00a0\u00bb use_theme_fonts=\u00a0\u00bbyes\u00a0\u00bb][vc_empty_space][vc_column_text]Louez cette <strong>maison de vacances<\/strong> comprend 4 chambres, 2 salles de bains, du linge de lit, des serviettes, 2 t\u00e9l\u00e9visions, un coin repas, une cuisine enti\u00e8rement \u00e9quip\u00e9e et une terrasse avec vue sur le jardin.<\/p>\n<p>Vous s\u00e9journerez \u00e0 38 km de <a href=\"https:\/\/la-barberie.fr\/la-cite-de-la-mer-a-cherbourg\/\"><strong>Cherbourg-en-Cotentin<\/strong><\/a> et \u00e0 49 km de <strong>Barneville-Carteret juste \u00e0 c\u00f4t\u00e9 de <a href=\"https:\/\/la-barberie.fr\/sainte-mere-eglise\/\">Sainte m\u00e8re Eglise<\/a><\/strong>. L&rsquo;a\u00e9roport de <strong>Caen-Carpiquet<\/strong>, le plus proche, est implant\u00e9 \u00e0 98 km.[\/vc_column_text][vc_empty_space height=\u00a0\u00bb40px\u00a0\u00bb][vc_row_inner][vc_column_inner width=\u00a0\u00bb1\/2&Prime;]<div class=\"prelude-icon-box clearfix icon-left align-left  link-hover-accent simple\" style=\"\" ><div class=\"wrap-inner\" style=\"position: relative;\"><div class=\"prelude-icon icon-1247785744 icon-font custom custom\"  data-icon=\"#1c3a5c\" data-background=\"\">\n\t\t\t<span class=\"icon\" style=\"font-size:30px;width:60px;height:60px;border-style:solid;\"><i class=\"fas fa-dog\"><\/i><\/span>\n\t\t<\/div> <div class=\"content-wrap\"><h6 class=\"heading \" style=\"padding-left:60px;color:#1c3a5c;font-size:16px;line-height:50px;\">\n\t\t\t<span>Animaux accept\u00e9s<\/span>\n\t\t<\/h6><\/div><\/div><\/div><div class=\"prelude-icon-box clearfix icon-left align-left  link-hover-accent simple\" style=\"\" ><div class=\"wrap-inner\" style=\"position: relative;\"><div class=\"prelude-icon icon-1306393193 icon-font custom custom\"  data-icon=\"#1c3a5c\" data-background=\"\">\n\t\t\t<span class=\"icon\" style=\"font-size:30px;width:60px;height:60px;border-style:solid;\"><i class=\"fas fa-sun\"><\/i><\/span>\n\t\t<\/div> <div class=\"content-wrap\"><h6 class=\"heading \" style=\"padding-left:60px;color:#1c3a5c;font-size:16px;line-height:50px;\">\n\t\t\t<span>Terrasse<\/span>\n\t\t<\/h6><\/div><\/div><\/div><div class=\"prelude-icon-box clearfix icon-left align-left  link-hover-accent simple\" style=\"\" ><div class=\"wrap-inner\" style=\"position: relative;\"><div class=\"prelude-icon icon-668193491 icon-font custom custom\"  data-icon=\"#1c3a5c\" data-background=\"\">\n\t\t\t<span class=\"icon\" style=\"font-size:30px;width:60px;height:60px;border-style:solid;\"><i class=\"fas fa-desktop\"><\/i><\/span>\n\t\t<\/div> <div class=\"content-wrap\"><h6 class=\"heading \" style=\"padding-left:60px;color:#1c3a5c;font-size:16px;line-height:50px;\">\n\t\t\t<span>TV<\/span>\n\t\t<\/h6><\/div><\/div><\/div><div class=\"prelude-icon-box clearfix icon-left align-left  link-hover-accent simple\" style=\"\" ><div class=\"wrap-inner\" style=\"position: relative;\"><div class=\"prelude-icon icon-260333417 icon-font custom custom\"  data-icon=\"#1c3a5c\" data-background=\"\">\n\t\t\t<span class=\"icon\" style=\"font-size:30px;width:60px;height:60px;border-style:solid;\"><i class=\"fas fa-parking\"><\/i><\/span>\n\t\t<\/div> <div class=\"content-wrap\"><h6 class=\"heading \" style=\"padding-left:60px;color:#1c3a5c;font-size:16px;line-height:50px;\">\n\t\t\t<span>Parking priv\u00e9 gratuit<\/span>\n\t\t<\/h6><\/div><\/div><\/div>[\/vc_column_inner][vc_column_inner width=\u00a0\u00bb1\/2&Prime;]<div class=\"prelude-icon-box clearfix icon-left align-left  link-hover-accent simple\" style=\"\" ><div class=\"wrap-inner\" style=\"position: relative;\"><div class=\"prelude-icon icon-934212377 icon-font custom custom\"  data-icon=\"#1c3a5c\" data-background=\"\">\n\t\t\t<span class=\"icon\" style=\"font-size:30px;width:60px;height:60px;border-style:solid;\"><i class=\"entypo-icon entypo-icon-leaf\"><\/i><\/span>\n\t\t<\/div> <div class=\"content-wrap\"><h6 class=\"heading \" style=\"padding-left:60px;color:#1c3a5c;font-size:16px;line-height:50px;\">\n\t\t\t<span>Jardin<\/span>\n\t\t<\/h6><\/div><\/div><\/div><div class=\"prelude-icon-box clearfix icon-left align-left  link-hover-accent simple\" style=\"\" ><div class=\"wrap-inner\" style=\"position: relative;\"><div class=\"prelude-icon icon-1372107439 icon-font custom custom\"  data-icon=\"#1c3a5c\" data-background=\"\">\n\t\t\t<span class=\"icon\" style=\"font-size:30px;width:60px;height:60px;border-style:solid;\"><i class=\"fas fa-fire-alt\"><\/i><\/span>\n\t\t<\/div> <div class=\"content-wrap\"><h6 class=\"heading \" style=\"padding-left:60px;color:#1c3a5c;font-size:16px;line-height:50px;\">\n\t\t\t<span>Barbecue<\/span>\n\t\t<\/h6><\/div><\/div><\/div><div class=\"prelude-icon-box clearfix icon-left align-left  link-hover-accent simple\" style=\"\" ><div class=\"wrap-inner\" style=\"position: relative;\"><div class=\"prelude-icon icon-894533588 icon-font custom custom\"  data-icon=\"#1c3a5c\" data-background=\"\">\n\t\t\t<span class=\"icon\" style=\"font-size:30px;width:60px;height:60px;border-style:solid;\"><i class=\"fas fa-wifi\"><\/i><\/span>\n\t\t<\/div> <div class=\"content-wrap\"><h6 class=\"heading \" style=\"padding-left:60px;color:#1c3a5c;font-size:16px;line-height:50px;\">\n\t\t\t<span>Wifi gratuit<\/span>\n\t\t<\/h6><\/div><\/div><\/div><div class=\"prelude-icon-box clearfix icon-left align-left  link-hover-accent simple\" style=\"\" ><div class=\"wrap-inner\" style=\"position: relative;\"><div class=\"prelude-icon icon-476377073 icon-font custom custom\"  data-icon=\"#1c3a5c\" data-background=\"\">\n\t\t\t<span class=\"icon\" style=\"font-size:30px;width:60px;height:60px;border-style:solid;\"><i class=\"fas fa-smoking-ban\"><\/i><\/span>\n\t\t<\/div> <div class=\"content-wrap\"><h6 class=\"heading \" style=\"padding-left:60px;color:#1c3a5c;font-size:16px;line-height:50px;\">\n\t\t\t<span>Non fumeur<\/span>\n\t\t<\/h6><\/div><\/div><\/div>[\/vc_column_inner][\/vc_row_inner][\/vc_column][vc_column width=\u00a0\u00bb1\/2&Prime; css=\u00a0\u00bb.vc_custom_1661280309300{background-image: url(https:\/\/la-barberie.fr\/wp-content\/uploads\/2022\/08\/normandie2.jpg?id=194) !important;background-position: center !important;background-repeat: no-repeat !important;background-size: cover !important;}\u00a0\u00bb]\n\t<div class=\"prelude-spacer clearfix\" data-desktop=\"400\" data-mobi=\"400\" data-smobi=\"300\"><\/div>[\/vc_column][\/vc_row][vc_row row_content_position=\u00a0\u00bbmiddle\u00a0\u00bb row_equal_height=\u00a0\u00bbyes\u00a0\u00bb fullwidth=\u00a0\u00bbyes\u00a0\u00bb column_spacing=\u00a0\u00bb0px\u00a0\u00bb css=\u00a0\u00bb.vc_custom_1661280322696{background-image: url(https:\/\/la-barberie.fr\/wp-content\/uploads\/2022\/08\/normandie01.jpg?id=193) !important;background-position: center !important;background-repeat: no-repeat !important;background-size: cover !important;}\u00a0\u00bb el_class=\u00a0\u00bbfond_fixe\u00a0\u00bb][vc_column][vc_row_inner css=\u00a0\u00bb.vc_custom_1661281990438{padding-top: 20px !important;padding-bottom: 20px !important;background-color: rgba(30,58,88,0.71) !important;*background-color: rgb(30,58,88) !important;}\u00a0\u00bb][vc_column_inner width=\u00a0\u00bb1\/3&Prime;][vc_custom_heading text=\u00a0\u00bbChambres\u00a0\u00bb font_container=\u00a0\u00bbtag:h4|text_align:center|color:%23ffffff\u00a0\u00bb use_theme_fonts=\u00a0\u00bbyes\u00a0\u00bb css_animation=\u00a0\u00bbfadeInUp\u00a0\u00bb]<div class=\"prelude-counter clearfix style-1 text-center wow fadeInUp\"  data-wow-duration=\"0.75s\" data-wow-delay=\"0.3s\"><div class=\"inner\"><div class=\"icon-wrap\"><div class=\"icon \" style=\"font-size:40px; line-height: normal;line-height:40px;color:#0e8cff;\"><i class=\"entypo-icon entypo-icon-users\"><\/i><\/div><\/div><div class=\"text-wrap\"><h3 class=\"number-wrap heading\" style=\"color:#ffffff;\"><span class=\"prefix \" style=\"\"><\/span><span class=\"number \" data-decimals=\"0\" data-speed=\"1000\" data-from=\"0\" data-to=\"4\"> 4<\/span><span class=\"suffix \" style=\"color:#674732;\"><\/span><\/h3><\/div><\/div><\/div>[\/vc_column_inner][vc_column_inner width=\u00a0\u00bb1\/3&Prime;][vc_custom_heading text=\u00a0\u00bbPersonnes\u00a0\u00bb font_container=\u00a0\u00bbtag:h4|text_align:center|color:%23ffffff\u00a0\u00bb use_theme_fonts=\u00a0\u00bbyes\u00a0\u00bb css_animation=\u00a0\u00bbfadeInUp\u00a0\u00bb]<div class=\"prelude-counter clearfix style-1 text-center wow fadeInUp\"  data-wow-duration=\"0.75s\" data-wow-delay=\"0.3s\"><div class=\"inner\"><div class=\"icon-wrap\"><div class=\"icon \" style=\"font-size:40px; line-height: normal;line-height:40px;color:#0e8cff;\"><i class=\"entypo-icon entypo-icon-user-add\"><\/i><\/div><\/div><div class=\"text-wrap\"><h3 class=\"number-wrap heading\" style=\"color:#ffffff;\"><span class=\"prefix \" style=\"\"><\/span><span class=\"number \" data-decimals=\"0\" data-speed=\"1000\" data-from=\"0\" data-to=\"10\"> 10<\/span><span class=\"suffix \" style=\"color:#674732;\"><\/span><\/h3><\/div><\/div><\/div>[\/vc_column_inner][vc_column_inner width=\u00a0\u00bb1\/3&Prime;][vc_custom_heading text=\u00a0\u00bbSaint-Marcouf\u00a0\u00bb font_container=\u00a0\u00bbtag:h4|text_align:center|color:%23ffffff\u00a0\u00bb use_theme_fonts=\u00a0\u00bbyes\u00a0\u00bb css_animation=\u00a0\u00bbfadeInUp\u00a0\u00bb]<div class=\"prelude-counter clearfix style-1 text-center wow fadeInUp\"  data-wow-duration=\"0.15s\" data-wow-delay=\"0.3s\"><div class=\"inner\"><div class=\"icon-wrap\"><div class=\"icon \" style=\"font-size:40px; line-height: normal;line-height:40px;color:#0e8cff;\"><i class=\"entypo-icon entypo-icon-address\"><\/i><\/div><\/div><div class=\"text-wrap\"><h3 class=\"number-wrap heading\" style=\"color:#ffffff;\"><span class=\"prefix \" style=\"\"><\/span><span class=\"number \" data-decimals=\"0\" data-speed=\"1000\" data-from=\"0\" data-to=\"180\"> 180<\/span><span class=\"suffix \" style=\"color:#ffffff;\">m\u00b2<\/span><\/h3><\/div><\/div><\/div>[\/vc_column_inner][\/vc_row_inner][vc_row_inner][vc_column_inner width=\u00a0\u00bb1\/2&Prime;]\n\t<div class=\"prelude-spacer clearfix\" data-desktop=\"100\" data-mobi=\"100\" data-smobi=\"100\"><\/div>[\/vc_column_inner][vc_column_inner width=\u00a0\u00bb1\/2&Prime; css=\u00a0\u00bb.vc_custom_1661281935897{padding-right: 10% !important;padding-left: 10% !important;background-color: rgba(255,255,255,0.85) !important;*background-color: rgb(255,255,255) !important;}\u00a0\u00bb]\n\t<div class=\"prelude-spacer clearfix\" data-desktop=\"80\" data-mobi=\"80\" data-smobi=\"80\"><\/div>[vc_custom_heading text=\u00a0\u00bbGite en Basse-Normandie proche de Sainte M\u00e8re Eglise\u00a0\u00bb font_container=\u00a0\u00bbtag:h4|text_align:center|color:%230e8cff\u00a0\u00bb use_theme_fonts=\u00a0\u00bbyes\u00a0\u00bb][vc_column_text]Vous appr\u00e9cierez cette <strong>belle et grande maison en pierres<\/strong> enti\u00e8rement r\u00e9nov\u00e9e et son <strong>magnifique jardin<\/strong> d&rsquo;agr\u00e9ment calme et ensoleill\u00e9.<\/p>\n<p><strong>Equipement moderne et fonctionnel.<\/strong><\/p>\n<p><strong>Au rez-de-chauss\u00e9e :<\/strong> Cuisine enti\u00e8rement \u00e9quip\u00e9e, vaste salle \u00e0 manger, un salon avec trois canap\u00e9s, une t\u00e9l\u00e9vision, une chambre avec un grand lit, salle de bains et wc s\u00e9par\u00e9.<\/p>\n<p><strong>A l&rsquo;\u00e9tage :<\/strong> Trois chambres, salle de bains double vasque et wc s\u00e9par\u00e9.<br \/>\nToutes les chambres ont vue sur le jardin.[\/vc_column_text]\n\t<div class=\"prelude-spacer clearfix\" data-desktop=\"80\" data-mobi=\"80\" data-smobi=\"80\"><\/div>[\/vc_column_inner][\/vc_row_inner][\/vc_column][\/vc_row][vc_row fullwidth=\u00a0\u00bbyes\u00a0\u00bb css=\u00a0\u00bb.vc_custom_1648644564123{margin-top: 0px !important;margin-bottom: 0px !important;padding-top: 0px !important;padding-bottom: 0px !important;}\u00a0\u00bb][vc_column][vc_media_grid element_width=\u00a0\u00bb2&Prime; gap=\u00a0\u00bb0&Prime; item=\u00a0\u00bb139&Prime; grid_id=\u00a0\u00bbvc_gid:1738936198827-cda7275d-52a1-4&Prime; include=\u00a0\u00bb482,248,198,244,222,223&Prime;][\/vc_column][\/vc_row][vc_row disable_element=\u00a0\u00bbyes\u00a0\u00bb el_class=\u00a0\u00bbombre_interne\u00a0\u00bb css=\u00a0\u00bb.vc_custom_1738936274147{padding-top: 60px !important;padding-bottom: 60px !important;}\u00a0\u00bb][vc_column][vc_custom_heading text=\u00a0\u00bbVos avis sur notre g\u00eete \u00e0 Saint Marcouf\u00a0\u00bb font_container=\u00a0\u00bbtag:h4|text_align:center|color:%230e8cff\u00a0\u00bb use_theme_fonts=\u00a0\u00bbyes\u00a0\u00bb][vc_column_text]<div class=\"egpr_error_msg_wrapper\">\n  The provided API key is expired.<\/div>\n  <script type=\"application\/ld+json\">\n  {\n  \"@context\": \"http:\/\/schema.org\",\n  \"@type\" : \"LocalBusiness\",\n  \"name\" : \"\",\n  \"telephone\" : \"\",\n  \"image\": \"\",\n  \"priceRange\" : \"\",\n  \"aggregateRating\": {\n    \"@type\": \"AggregateRating\",\n    \"ratingValue\": \"\",\n    \"reviewCount\": \"6\"\n  },\n  \"address\" : {\n    \"@type\" : \"PostalAddress\",\n    \"streetAddress\" : \"\",\n    \"addressLocality\" : \"\",\n    \"addressRegion\" : \"\",\n    \"postalCode\" : \"\"\n  }\n  }\n<\/script>\n[\/vc_column_text][\/vc_column][\/vc_row][vc_row row_content_position=\u00a0\u00bbmiddle\u00a0\u00bb row_equal_height=\u00a0\u00bbyes\u00a0\u00bb fullwidth=\u00a0\u00bbyes\u00a0\u00bb css=\u00a0\u00bb.vc_custom_1653729095829{margin-top: 0px !important;margin-bottom: 0px !important;padding-top: 0px !important;padding-bottom: 0px !important;}\u00a0\u00bb][vc_column][vc_raw_html]JTNDaWZyYW1lJTIwc3JjJTNEJTIyaHR0cHMlM0ElMkYlMkZ3d3cuZ29vZ2xlLmNvbSUyRm1hcHMlMkZlbWJlZCUzRnBiJTNEJTIxMW0xOCUyMTFtMTIlMjExbTMlMjExZDE3MzAuNDE0NTYzNzgyMzgwNiUyMTJkLTEuMjg2NTcwMzE0OTUxNTE1NSUyMTNkNDkuNDcxNDI3NDM5MzAzOSUyMTJtMyUyMTFmMCUyMTJmMCUyMTNmMCUyMTNtMiUyMTFpMTAyNCUyMTJpNzY4JTIxNGYxMy4xJTIxM20zJTIxMW0yJTIxMXMweDQ4MGI3YmFkNmIyNDAxYmQlMjUzQTB4YjVhOGQ0YmE5MDg0MjI2MyUyMTJzNCUyNTIwUnRlJTI1MjBkZSUyNTIwbGElMjUyMEJhcmJlcmllJTI1MkMlMjUyMDUwMzEwJTI1MjBTYWludC1NYXJjb3VmJTIxNWUwJTIxM20yJTIxMXNmciUyMTJzZnIlMjE0djE2NTM3MjkwMzg3MDAlMjE1bTIlMjExc2ZyJTIxMnNmciUyMiUyMHdpZHRoJTNEJTIyMTAwJTI1JTIyJTIwaGVpZ2h0JTNEJTIyMzUwJTIyJTIwc3R5bGUlM0QlMjJib3JkZXIlM0EwJTNCJTIyJTIwYWxsb3dmdWxsc2NyZWVuJTNEJTIyJTIyJTIwbG9hZGluZyUzRCUyMmxhenklMjIlMjByZWZlcnJlcnBvbGljeSUzRCUyMm5vLXJlZmVycmVyLXdoZW4tZG93bmdyYWRlJTIyJTNFJTNDJTJGaWZyYW1lJTNF[\/vc_raw_html][\/vc_column][\/vc_row]<\/p>\n","protected":false},"excerpt":{"rendered":"<p>[vc_row el_class=\u00a0\u00bbformulaire_reduit ombre_interne\u00a0\u00bb css=\u00a0\u00bb.vc_custom_1663339783683{padding-top: 40px !important;padding-bottom: 40px !important;}\u00a0\u00bb][vc_column][vc_text_separator title=\u00a0\u00bbR\u00e9servez en ligne un maison de vacances en Normandie pr\u00e8s de Sainte M\u00e8re \u00c9glise :\u00a0\u00bb title_align=\u00a0\u00bbseparator_align_left\u00a0\u00bb color=\u00a0\u00bbcustom\u00a0\u00bb accent_color=\u00a0\u00bb#0e8cff\u00a0\u00bb css=\u00a0\u00bb.vc_custom_1667848574802{padding-bottom: 32px !important;}\u00a0\u00bb][vc_column_text][\/vc_column_text][vc_column_text]* Frais de m\u00e9nage pour le s\u00e9jour : 180 \u20ac[\/vc_column_text][\/vc_column][\/vc_row][vc_row css=\u00a0\u00bb.vc_custom_1644314998263{padding-top: 30px !important;}\u00a0\u00bb el_class=\u00a0\u00bbicones_accueil\u00a0\u00bb][vc_column][\/vc_column][\/vc_row][vc_row css=\u00a0\u00bb.vc_custom_1652965432834{margin-top: -150px !important;background-color: #ecf0f1 !important;background-position: 0 0 !important;background-repeat:<\/p>\n","protected":false},"author":2,"featured_media":0,"parent":0,"menu_order":0,"comment_status":"closed","ping_status":"closed","template":"","meta":{"footnotes":""},"class_list":["post-6","page","type-page","status-publish","hentry"],"_links":{"self":[{"href":"https:\/\/la-barberie.fr\/index.php?rest_route=\/wp\/v2\/pages\/6","targetHints":{"allow":["GET"]}}],"collection":[{"href":"https:\/\/la-barberie.fr\/index.php?rest_route=\/wp\/v2\/pages"}],"about":[{"href":"https:\/\/la-barberie.fr\/index.php?rest_route=\/wp\/v2\/types\/page"}],"author":[{"embeddable":true,"href":"https:\/\/la-barberie.fr\/index.php?rest_route=\/wp\/v2\/users\/2"}],"replies":[{"embeddable":true,"href":"https:\/\/la-barberie.fr\/index.php?rest_route=%2Fwp%2Fv2%2Fcomments&post=6"}],"version-history":[{"count":88,"href":"https:\/\/la-barberie.fr\/index.php?rest_route=\/wp\/v2\/pages\/6\/revisions"}],"predecessor-version":[{"id":497,"href":"https:\/\/la-barberie.fr\/index.php?rest_route=\/wp\/v2\/pages\/6\/revisions\/497"}],"wp:attachment":[{"href":"https:\/\/la-barberie.fr\/index.php?rest_route=%2Fwp%2Fv2%2Fmedia&parent=6"}],"curies":[{"name":"wp","href":"https:\/\/api.w.org\/{rel}","templated":true}]}}