{"id":465,"date":"2022-11-16T20:54:33","date_gmt":"2022-11-16T19:54:33","guid":{"rendered":"https:\/\/la-barberie.fr\/?page_id=465"},"modified":"2023-06-26T11:53:27","modified_gmt":"2023-06-26T09:53:27","slug":"gite-sainte-mere-eglise","status":"publish","type":"page","link":"https:\/\/la-barberie.fr\/?page_id=465","title":{"rendered":"G\u00eete Sainte M\u00e8re Eglise"},"content":{"rendered":"<p>[vc_row row_content_position=\u00a0\u00bbmiddle\u00a0\u00bb row_equal_height=\u00a0\u00bbyes\u00a0\u00bb fullwidth=\u00a0\u00bbyes\u00a0\u00bb][vc_column width=\u00a0\u00bb1\/2&Prime; css=\u00a0\u00bb.vc_custom_1652967336276{padding-top: 40px !important;padding-right: 10% !important;padding-bottom: 40px !important;padding-left: 10% !important;background-position: center !important;background-repeat: no-repeat !important;background-size: cover !important;}\u00a0\u00bb el_class=\u00a0\u00bbbg_droite_bas\u00a0\u00bb][vc_empty_space height=\u00a0\u00bb40px\u00a0\u00bb][vc_custom_heading text=\u00a0\u00bbG\u00eete Sainte m\u00e8re \u00e9glise\u00a0\u00bb font_container=\u00a0\u00bbtag:h4|text_align:center|color:%230e8cff\u00a0\u00bb use_theme_fonts=\u00a0\u00bbyes\u00a0\u00bb css=\u00a0\u00bb.vc_custom_1668628594985{margin-bottom: 0px !important;padding-bottom: 0px !important;}\u00a0\u00bb][vc_custom_heading text=\u00a0\u00bbD\u00e9couvrez les lieux historiques du d\u00e9barquement\u00a0\u00bb font_container=\u00a0\u00bbtag:h4|font_size:18px|text_align:center|color:%231c3a5c|line_height:18px\u00a0\u00bb use_theme_fonts=\u00a0\u00bbyes\u00a0\u00bb][vc_empty_space][vc_column_text]Cette <strong>maison de vacances proche de <a href=\"https:\/\/la-barberie.fr\/sainte-mere-eglise\/\">Sainte M\u00e8re \u00c9glise<\/a><\/strong> comprend 4 chambres, 2 salles de bains, du linge de lit, des serviettes, 2 t\u00e9l\u00e9visions, un coin repas, une cuisine enti\u00e8rement \u00e9quip\u00e9e et une terrasse avec vue sur le jardin.<\/p>\n<p>Vous s\u00e9journerez \u00e0 38 km de <strong>Cherbourg-en-Cotentin<\/strong> et \u00e0 49 km de <strong>Barneville-Carteret<\/strong>. L&rsquo;a\u00e9roport de <strong>Caen-Carpiquet<\/strong>, le plus proche, est implant\u00e9 \u00e0 98 km.[\/vc_column_text][vc_empty_space height=\u00a0\u00bb40px\u00a0\u00bb][vc_btn title=\u00a0\u00bbEn savoir plus sur Sainte M\u00e8re \u00c9glise\u00a0\u00bb style=\u00a0\u00bbcustom\u00a0\u00bb custom_background=\u00a0\u00bb#1c3a5c\u00a0\u00bb custom_text=\u00a0\u00bb#ffffff\u00a0\u00bb shape=\u00a0\u00bbsquare\u00a0\u00bb align=\u00a0\u00bbcenter\u00a0\u00bb link=\u00a0\u00bburl:https%3A%2F%2Fla-barberie.fr%2Fsainte-mere-eglise%2F\u00a0\u00bb][vc_row_inner][vc_column_inner width=\u00a0\u00bb1\/2&Prime;]<div class=\"prelude-icon-box clearfix icon-left align-left  link-hover-accent simple\" style=\"\" ><div class=\"wrap-inner\" style=\"position: relative;\"><div class=\"prelude-icon icon-22134785 icon-font custom custom\"  data-icon=\"#1c3a5c\" data-background=\"\">\n\t\t\t<span class=\"icon\" style=\"font-size:30px;width:60px;height:60px;border-style:solid;\"><i class=\"fas fa-dog\"><\/i><\/span>\n\t\t<\/div> <div class=\"content-wrap\"><h6 class=\"heading \" style=\"padding-left:60px;color:#1c3a5c;font-size:16px;line-height:50px;\">\n\t\t\t<span>Animaux accept\u00e9s<\/span>\n\t\t<\/h6><\/div><\/div><\/div><div class=\"prelude-icon-box clearfix icon-left align-left  link-hover-accent simple\" style=\"\" ><div class=\"wrap-inner\" style=\"position: relative;\"><div class=\"prelude-icon icon-1655436383 icon-font custom custom\"  data-icon=\"#1c3a5c\" data-background=\"\">\n\t\t\t<span class=\"icon\" style=\"font-size:30px;width:60px;height:60px;border-style:solid;\"><i class=\"fas fa-desktop\"><\/i><\/span>\n\t\t<\/div> <div class=\"content-wrap\"><h6 class=\"heading \" style=\"padding-left:60px;color:#1c3a5c;font-size:16px;line-height:50px;\">\n\t\t\t<span>TV<\/span>\n\t\t<\/h6><\/div><\/div><\/div><div class=\"prelude-icon-box clearfix icon-left align-left  link-hover-accent simple\" style=\"\" ><div class=\"wrap-inner\" style=\"position: relative;\"><div class=\"prelude-icon icon-666744933 icon-font custom custom\"  data-icon=\"#1c3a5c\" data-background=\"\">\n\t\t\t<span class=\"icon\" style=\"font-size:30px;width:60px;height:60px;border-style:solid;\"><i class=\"fas fa-sun\"><\/i><\/span>\n\t\t<\/div> <div class=\"content-wrap\"><h6 class=\"heading \" style=\"padding-left:60px;color:#1c3a5c;font-size:16px;line-height:50px;\">\n\t\t\t<span>Terrasse<\/span>\n\t\t<\/h6><\/div><\/div><\/div><div class=\"prelude-icon-box clearfix icon-left align-left  link-hover-accent simple\" style=\"\" ><div class=\"wrap-inner\" style=\"position: relative;\"><div class=\"prelude-icon icon-174915411 icon-font custom custom\"  data-icon=\"#1c3a5c\" data-background=\"\">\n\t\t\t<span class=\"icon\" style=\"font-size:30px;width:60px;height:60px;border-style:solid;\"><i class=\"fas fa-parking\"><\/i><\/span>\n\t\t<\/div> <div class=\"content-wrap\"><h6 class=\"heading \" style=\"padding-left:60px;color:#1c3a5c;font-size:16px;line-height:50px;\">\n\t\t\t<span>Parking priv\u00e9 gratuit<\/span>\n\t\t<\/h6><\/div><\/div><\/div>[\/vc_column_inner][vc_column_inner width=\u00a0\u00bb1\/2&Prime;]<div class=\"prelude-icon-box clearfix icon-left align-left  link-hover-accent simple\" style=\"\" ><div class=\"wrap-inner\" style=\"position: relative;\"><div class=\"prelude-icon icon-528397243 icon-font custom custom\"  data-icon=\"#1c3a5c\" data-background=\"\">\n\t\t\t<span class=\"icon\" style=\"font-size:30px;width:60px;height:60px;border-style:solid;\"><i class=\"entypo-icon entypo-icon-leaf\"><\/i><\/span>\n\t\t<\/div> <div class=\"content-wrap\"><h6 class=\"heading \" style=\"padding-left:60px;color:#1c3a5c;font-size:16px;line-height:50px;\">\n\t\t\t<span>Jardin<\/span>\n\t\t<\/h6><\/div><\/div><\/div><div class=\"prelude-icon-box clearfix icon-left align-left  link-hover-accent simple\" style=\"\" ><div class=\"wrap-inner\" style=\"position: relative;\"><div class=\"prelude-icon icon-763305748 icon-font custom custom\"  data-icon=\"#1c3a5c\" data-background=\"\">\n\t\t\t<span class=\"icon\" style=\"font-size:30px;width:60px;height:60px;border-style:solid;\"><i class=\"fas fa-wifi\"><\/i><\/span>\n\t\t<\/div> <div class=\"content-wrap\"><h6 class=\"heading \" style=\"padding-left:60px;color:#1c3a5c;font-size:16px;line-height:50px;\">\n\t\t\t<span>Wifi gratuit<\/span>\n\t\t<\/h6><\/div><\/div><\/div><div class=\"prelude-icon-box clearfix icon-left align-left  link-hover-accent simple\" style=\"\" ><div class=\"wrap-inner\" style=\"position: relative;\"><div class=\"prelude-icon icon-1237641234 icon-font custom custom\"  data-icon=\"#1c3a5c\" data-background=\"\">\n\t\t\t<span class=\"icon\" style=\"font-size:30px;width:60px;height:60px;border-style:solid;\"><i class=\"fas fa-fire-alt\"><\/i><\/span>\n\t\t<\/div> <div class=\"content-wrap\"><h6 class=\"heading \" style=\"padding-left:60px;color:#1c3a5c;font-size:16px;line-height:50px;\">\n\t\t\t<span>Barbecue<\/span>\n\t\t<\/h6><\/div><\/div><\/div><div class=\"prelude-icon-box clearfix icon-left align-left  link-hover-accent simple\" style=\"\" ><div class=\"wrap-inner\" style=\"position: relative;\"><div class=\"prelude-icon icon-158530795 icon-font custom custom\"  data-icon=\"#1c3a5c\" data-background=\"\">\n\t\t\t<span class=\"icon\" style=\"font-size:30px;width:60px;height:60px;border-style:solid;\"><i class=\"fas fa-smoking-ban\"><\/i><\/span>\n\t\t<\/div> <div class=\"content-wrap\"><h6 class=\"heading \" style=\"padding-left:60px;color:#1c3a5c;font-size:16px;line-height:50px;\">\n\t\t\t<span>Non fumeur<\/span>\n\t\t<\/h6><\/div><\/div><\/div>[\/vc_column_inner][\/vc_row_inner][\/vc_column][vc_column width=\u00a0\u00bb1\/2&Prime; css=\u00a0\u00bb.vc_custom_1663243994370{background-image: url(https:\/\/la-barberie.fr\/wp-content\/uploads\/2022\/08\/gite_normandie_34.jpg?id=230) !important;background-position: center !important;background-repeat: no-repeat !important;background-size: cover !important;}\u00a0\u00bb]\n\t<div class=\"prelude-spacer clearfix\" data-desktop=\"200\" data-mobi=\"200\" data-smobi=\"150\"><\/div><div class=\"prelude-video-icon clearfix white text-center big\" >\n\t\t<a class=\"icon-wrap popup-video\" href=\"https:\/\/www.youtube.com\/watch?v=ZU8RY_YrLYI\">\n\t\tplay<span class=\"circle\"><\/span><\/a>\n\t<\/div>\n\t<div class=\"prelude-spacer clearfix\" data-desktop=\"200\" data-mobi=\"200\" data-smobi=\"150\"><\/div>[\/vc_column][\/vc_row][vc_row row_content_position=\u00a0\u00bbmiddle\u00a0\u00bb row_equal_height=\u00a0\u00bbyes\u00a0\u00bb fullwidth=\u00a0\u00bbyes\u00a0\u00bb column_spacing=\u00a0\u00bb0px\u00a0\u00bb css=\u00a0\u00bb.vc_custom_1663244282269{background-image: url(https:\/\/la-barberie.fr\/wp-content\/uploads\/2022\/08\/gite_normandie_49.jpg?id=247) !important;background-position: center !important;background-repeat: no-repeat !important;background-size: cover !important;}\u00a0\u00bb el_class=\u00a0\u00bbfond_fixe\u00a0\u00bb][vc_column][vc_row_inner css=\u00a0\u00bb.vc_custom_1661281990438{padding-top: 20px !important;padding-bottom: 20px !important;background-color: rgba(30,58,88,0.71) !important;*background-color: rgb(30,58,88) !important;}\u00a0\u00bb][vc_column_inner width=\u00a0\u00bb1\/3&Prime;][vc_custom_heading text=\u00a0\u00bbChambres\u00a0\u00bb font_container=\u00a0\u00bbtag:h4|text_align:center|color:%23ffffff\u00a0\u00bb use_theme_fonts=\u00a0\u00bbyes\u00a0\u00bb css_animation=\u00a0\u00bbfadeInUp\u00a0\u00bb]<div class=\"prelude-counter clearfix style-1 text-center wow fadeInUp\"  data-wow-duration=\"0.75s\" data-wow-delay=\"0.3s\"><div class=\"inner\"><div class=\"icon-wrap\"><div class=\"icon \" style=\"font-size:40px; line-height: normal;line-height:40px;color:#0e8cff;\"><i class=\"entypo-icon entypo-icon-users\"><\/i><\/div><\/div><div class=\"text-wrap\"><h3 class=\"number-wrap heading\" style=\"color:#ffffff;\"><span class=\"prefix \" style=\"\"><\/span><span class=\"number \" data-decimals=\"0\" data-speed=\"1000\" data-from=\"0\" data-to=\"4\"> 4<\/span><span class=\"suffix \" style=\"color:#674732;\"><\/span><\/h3><\/div><\/div><\/div>[\/vc_column_inner][vc_column_inner width=\u00a0\u00bb1\/3&Prime;][vc_custom_heading text=\u00a0\u00bbSaint-Marcouf\u00a0\u00bb font_container=\u00a0\u00bbtag:h4|text_align:center|color:%23ffffff\u00a0\u00bb use_theme_fonts=\u00a0\u00bbyes\u00a0\u00bb css_animation=\u00a0\u00bbfadeInUp\u00a0\u00bb]<div class=\"prelude-counter clearfix style-1 text-center wow fadeInUp\"  data-wow-duration=\"0.15s\" data-wow-delay=\"0.3s\"><div class=\"inner\"><div class=\"icon-wrap\"><div class=\"icon \" style=\"font-size:40px; line-height: normal;line-height:40px;color:#0e8cff;\"><i class=\"entypo-icon entypo-icon-address\"><\/i><\/div><\/div><div class=\"text-wrap\"><h3 class=\"number-wrap heading\" style=\"color:#ffffff;\"><span class=\"prefix \" style=\"\"><\/span><span class=\"number \" data-decimals=\"0\" data-speed=\"1000\" data-from=\"0\" data-to=\"180\"> 180<\/span><span class=\"suffix \" style=\"color:#ffffff;\">m\u00b2<\/span><\/h3><\/div><\/div><\/div>[\/vc_column_inner][vc_column_inner width=\u00a0\u00bb1\/3&Prime;][vc_custom_heading text=\u00a0\u00bbPersonnes\u00a0\u00bb font_container=\u00a0\u00bbtag:h4|text_align:center|color:%23ffffff\u00a0\u00bb use_theme_fonts=\u00a0\u00bbyes\u00a0\u00bb css_animation=\u00a0\u00bbfadeInUp\u00a0\u00bb]<div class=\"prelude-counter clearfix style-1 text-center wow fadeInUp\"  data-wow-duration=\"0.75s\" data-wow-delay=\"0.3s\"><div class=\"inner\"><div class=\"icon-wrap\"><div class=\"icon \" style=\"font-size:40px; line-height: normal;line-height:40px;color:#0e8cff;\"><i class=\"entypo-icon entypo-icon-user-add\"><\/i><\/div><\/div><div class=\"text-wrap\"><h3 class=\"number-wrap heading\" style=\"color:#ffffff;\"><span class=\"prefix \" style=\"\"><\/span><span class=\"number \" data-decimals=\"0\" data-speed=\"1000\" data-from=\"0\" data-to=\"10\"> 10<\/span><span class=\"suffix \" style=\"color:#674732;\"><\/span><\/h3><\/div><\/div><\/div>[\/vc_column_inner][\/vc_row_inner][vc_row_inner][vc_column_inner width=\u00a0\u00bb1\/2&Prime; css=\u00a0\u00bb.vc_custom_1663244380174{padding-right: 10% !important;padding-left: 10% !important;background-color: rgba(255,255,255,0.85) !important;*background-color: rgb(255,255,255) !important;}\u00a0\u00bb]\n\t<div class=\"prelude-spacer clearfix\" data-desktop=\"80\" data-mobi=\"80\" data-smobi=\"80\"><\/div>[vc_custom_heading text=\u00a0\u00bbG\u00eete familial Sainte m\u00e8re \u00e9glise\u00a0\u00bb font_container=\u00a0\u00bbtag:h4|text_align:center|color:%230e8cff\u00a0\u00bb use_theme_fonts=\u00a0\u00bbyes\u00a0\u00bb link=\u00a0\u00bburl:https%3A%2F%2Fla-barberie.fr%2Fsainte-mere-eglise%2F\u00a0\u00bb][vc_column_text]Vous appr\u00e9cierez cette <strong>belle et grande maison en pierres pr\u00e8s de <a href=\"https:\/\/la-barberie.fr\/sainte-mere-eglise\/\">sainte m\u00e8re \u00e9glise<\/a><\/strong> enti\u00e8rement r\u00e9nov\u00e9e et son <strong>magnifique jardin<\/strong> d&rsquo;agr\u00e9ment calme et ensoleill\u00e9.<\/p>\n<p><strong>Equipement moderne et fonctionnel.<\/strong><\/p>\n<p><strong>Au rez-de-chauss\u00e9e :<\/strong> Cuisine enti\u00e8rement \u00e9quip\u00e9e, vaste salle \u00e0 manger, un salon avec trois canap\u00e9s, une t\u00e9l\u00e9vision, une chambre avec un grand lit, salle de bains et wc s\u00e9par\u00e9.<\/p>\n<p><strong>A l&rsquo;\u00e9tage :<\/strong> Trois chambres, salle de bains double vasque et wc s\u00e9par\u00e9.<br \/>\nToutes les chambres ont vue sur le jardin.[\/vc_column_text]\n\t<div class=\"prelude-spacer clearfix\" data-desktop=\"80\" data-mobi=\"80\" data-smobi=\"80\"><\/div>[\/vc_column_inner][vc_column_inner width=\u00a0\u00bb1\/2&Prime;]\n\t<div class=\"prelude-spacer clearfix\" data-desktop=\"100\" data-mobi=\"100\" data-smobi=\"100\"><\/div>[\/vc_column_inner][\/vc_row_inner][\/vc_column][\/vc_row][vc_row fullwidth=\u00a0\u00bbyes\u00a0\u00bb css=\u00a0\u00bb.vc_custom_1663244225809{padding-top: 40px !important;padding-right: 10px !important;padding-bottom: 40px !important;padding-left: 10px !important;background-color: #152d4a !important;}\u00a0\u00bb][vc_column]<div class=\"prelude-images-carousel  arrow-center has-arrows\" data-auto=\"true\" data-loop=\"true\" data-gap=\"30\" data-column=\"6\" data-column2=\"2\" data-column3=\"1\">\n        <div class=\"owl-carousel owl-theme\"><div class=\"item-wrap\"><img decoding=\"async\" src=\"https:\/\/la-barberie.fr\/wp-content\/uploads\/2022\/08\/gite_normandie_29.jpg\" alt=\"Image\"><\/div><div class=\"item-wrap\"><img decoding=\"async\" src=\"https:\/\/la-barberie.fr\/wp-content\/uploads\/2022\/08\/gite_normandie_25.jpg\" alt=\"Image\"><\/div><div class=\"item-wrap\"><img decoding=\"async\" src=\"https:\/\/la-barberie.fr\/wp-content\/uploads\/2022\/08\/gite_normandie_27.jpg\" alt=\"Image\"><\/div><div class=\"item-wrap\"><img decoding=\"async\" src=\"https:\/\/la-barberie.fr\/wp-content\/uploads\/2022\/08\/gite_normandie_32.jpg\" alt=\"Image\"><\/div><div class=\"item-wrap\"><img decoding=\"async\" src=\"https:\/\/la-barberie.fr\/wp-content\/uploads\/2022\/08\/gite_normandie_03.jpg\" alt=\"Image\"><\/div><div class=\"item-wrap\"><img decoding=\"async\" src=\"https:\/\/la-barberie.fr\/wp-content\/uploads\/2022\/08\/gite_normandie_08.jpg\" alt=\"Image\"><\/div><div class=\"item-wrap\"><img decoding=\"async\" src=\"https:\/\/la-barberie.fr\/wp-content\/uploads\/2022\/08\/gite_normandie_02.jpg\" alt=\"Image\"><\/div><div class=\"item-wrap\"><img decoding=\"async\" src=\"https:\/\/la-barberie.fr\/wp-content\/uploads\/2022\/08\/gite_normandie_35.jpg\" alt=\"Image\"><\/div><\/div><\/div>[\/vc_column][\/vc_row][vc_row el_class=\u00a0\u00bbombre_interne accordeon_orion\u00a0\u00bb css=\u00a0\u00bb.vc_custom_1663246294480{padding-top: 40px !important;padding-bottom: 40px !important;}\u00a0\u00bb][vc_column][vc_text_separator title=\u00a0\u00bbMaison de vacances pr\u00e8s de Sainte M\u00e8re \u00c9glise\u00a0\u00bb color=\u00a0\u00bbcustom\u00a0\u00bb accent_color=\u00a0\u00bb#0e8cff\u00a0\u00bb][vc_empty_space][vc_tta_accordion active_section=\u00a0\u00bb1&Prime;][vc_tta_section title=\u00a0\u00bbEquipements\u00a0\u00bb tab_id=\u00a0\u00bb1663244836016-8fe6af26-25a8&Prime;][vc_row_inner][vc_column_inner width=\u00a0\u00bb1\/4&Prime;][vc_column_text el_class=\u00a0\u00bblistes\u00a0\u00bb]<\/p>\n<ul>\n<li>Lits enfant \/ berceaux<\/li>\n<li>Chaise haute pour enfants<\/li>\n<li>Lave-linge<\/li>\n<li>Armoire \/ penderie<\/li>\n<li>Portant<\/li>\n<li>Fer \u00e0 repasser<\/li>\n<\/ul>\n<p>[\/vc_column_text][\/vc_column_inner][vc_column_inner width=\u00a0\u00bb1\/4&Prime;][vc_column_text el_class=\u00a0\u00bblistes\u00a0\u00bb]<\/p>\n<ul>\n<li>Barbecue<\/li>\n<li>Logement ind\u00e9pendant<\/li>\n<li>Terrasse<\/li>\n<li>Entr\u00e9e ind\u00e9pendante<\/li>\n<li>T\u00e9l\u00e9vision<\/li>\n<li>Chambres insonoris\u00e9es<\/li>\n<\/ul>\n<p>[\/vc_column_text][\/vc_column_inner][vc_column_inner width=\u00a0\u00bb1\/4&Prime;][vc_column_text el_class=\u00a0\u00bblistes\u00a0\u00bb]<\/p>\n<ul>\n<li>Toilettes<\/li>\n<li>Papier toilette<\/li>\n<li>Linge de maison<\/li>\n<li>Produits m\u00e9nagers<\/li>\n<li>Espace repas ext\u00e9rieur<\/li>\n<li>Mobilier de jardin<\/li>\n<\/ul>\n<p>[\/vc_column_text][\/vc_column_inner][vc_column_inner width=\u00a0\u00bb1\/4&Prime;][vc_column_text el_class=\u00a0\u00bblistes\u00a0\u00bb]<\/p>\n<ul>\n<li>Plateau de courtoisie<\/li>\n<li>Coin salon<\/li>\n<li>Canap\u00e9<\/li>\n<li>Lit pliant<\/li>\n<li>Sol carrel\u00e9 \/ en marbre<\/li>\n<li>Parquet<\/li>\n<\/ul>\n<p>[\/vc_column_text][\/vc_column_inner][\/vc_row_inner][\/vc_tta_section][vc_tta_section title=\u00a0\u00bbLitterie\u00a0\u00bb tab_id=\u00a0\u00bb1663245063195-880e1e8b-e7f6&Prime;][vc_row_inner][vc_column_inner width=\u00a0\u00bb1\/4&Prime;][vc_column_text el_class=\u00a0\u00bblistes\u00a0\u00bb]<\/p>\n<ul>\n<li>Chambre 1 : 1 grand lit double<\/li>\n<\/ul>\n<p>[\/vc_column_text][\/vc_column_inner][vc_column_inner width=\u00a0\u00bb1\/4&Prime;][vc_column_text el_class=\u00a0\u00bblistes\u00a0\u00bb]<\/p>\n<ul>\n<li>Chambre 2 : 1 grand lit double<\/li>\n<\/ul>\n<p>[\/vc_column_text][\/vc_column_inner][vc_column_inner width=\u00a0\u00bb1\/4&Prime;][vc_column_text el_class=\u00a0\u00bblistes\u00a0\u00bb]<\/p>\n<ul>\n<li>Chambre 3 : 1 grand lit double<\/li>\n<\/ul>\n<p>[\/vc_column_text][\/vc_column_inner][vc_column_inner width=\u00a0\u00bb1\/4&Prime;][vc_column_text el_class=\u00a0\u00bblistes\u00a0\u00bb]<\/p>\n<ul>\n<li>Chambre 4 : 4 lits simples<\/li>\n<\/ul>\n<p>[\/vc_column_text][\/vc_column_inner][\/vc_row_inner][\/vc_tta_section][vc_tta_section title=\u00a0\u00bbCuisine\u00a0\u00bb tab_id=\u00a0\u00bb1663244836056-28b0a224-b055&Prime;][vc_row_inner][vc_column_inner width=\u00a0\u00bb1\/4&Prime;][vc_column_text el_class=\u00a0\u00bblistes\u00a0\u00bb]<\/p>\n<ul>\n<li>Coin repas<\/li>\n<li>Micro-ondes<\/li>\n<li>Four<\/li>\n<\/ul>\n<p>[\/vc_column_text][\/vc_column_inner][vc_column_inner width=\u00a0\u00bb1\/4&Prime;][vc_column_text el_class=\u00a0\u00bblistes\u00a0\u00bb]<\/p>\n<ul>\n<li>Bouilloire<\/li>\n<li>Plaques de cuisson<\/li>\n<li>Ustensiles de cuisine<\/li>\n<\/ul>\n<p>[\/vc_column_text][\/vc_column_inner][vc_column_inner width=\u00a0\u00bb1\/4&Prime;][vc_column_text el_class=\u00a0\u00bblistes\u00a0\u00bb]<\/p>\n<ul>\n<li>Machine \u00e0 caf\u00e9<\/li>\n<li>Lave-vaisselle<\/li>\n<li>Grille-pain<\/li>\n<\/ul>\n<p>[\/vc_column_text][\/vc_column_inner][vc_column_inner width=\u00a0\u00bb1\/4&Prime;][vc_column_text el_class=\u00a0\u00bblistes\u00a0\u00bb]<\/p>\n<ul>\n<li>R\u00e9frig\u00e9rateur<\/li>\n<\/ul>\n<p>[\/vc_column_text][\/vc_column_inner][\/vc_row_inner][\/vc_tta_section][vc_tta_section title=\u00a0\u00bbSalle de bains\u00a0\u00bb tab_id=\u00a0\u00bb1663245118781-2941beb5-1d73&Prime;][vc_row_inner][vc_column_inner width=\u00a0\u00bb1\/4&Prime;][vc_column_text el_class=\u00a0\u00bblistes\u00a0\u00bb]<\/p>\n<ul>\n<li>Douche<\/li>\n<li>Savon<\/li>\n<\/ul>\n<p>[\/vc_column_text][\/vc_column_inner][vc_column_inner width=\u00a0\u00bb1\/4&Prime;][vc_column_text el_class=\u00a0\u00bblistes\u00a0\u00bb]<\/p>\n<ul>\n<li>Douche \u00e0 l&rsquo;italienne<\/li>\n<\/ul>\n<p>[\/vc_column_text][\/vc_column_inner][vc_column_inner width=\u00a0\u00bb1\/4&Prime;][vc_column_text el_class=\u00a0\u00bblistes\u00a0\u00bb]<\/p>\n<ul>\n<li>Serviettes<\/li>\n<\/ul>\n<p>[\/vc_column_text][\/vc_column_inner][vc_column_inner width=\u00a0\u00bb1\/4&Prime;][vc_column_text el_class=\u00a0\u00bblistes\u00a0\u00bb]<\/p>\n<ul>\n<li>S\u00e8che cheveux<\/li>\n<\/ul>\n<p>[\/vc_column_text][\/vc_column_inner][\/vc_row_inner][\/vc_tta_section][\/vc_tta_accordion][\/vc_column][\/vc_row][vc_row fullwidth=\u00a0\u00bbyes\u00a0\u00bb css=\u00a0\u00bb.vc_custom_1648644564123{margin-top: 0px !important;margin-bottom: 0px !important;padding-top: 0px !important;padding-bottom: 0px !important;}\u00a0\u00bb][vc_column][vc_media_grid element_width=\u00a0\u00bb2&Prime; gap=\u00a0\u00bb0&Prime; item=\u00a0\u00bb139&Prime; grid_id=\u00a0\u00bbvc_gid:1687773158159-1984c535-b46a-10&Prime; include=\u00a0\u00bb217,213,242,248,244,247&Prime;][\/vc_column][\/vc_row][vc_row row_content_position=\u00a0\u00bbmiddle\u00a0\u00bb row_equal_height=\u00a0\u00bbyes\u00a0\u00bb fullwidth=\u00a0\u00bbyes\u00a0\u00bb css=\u00a0\u00bb.vc_custom_1653729095829{margin-top: 0px !important;margin-bottom: 0px !important;padding-top: 0px !important;padding-bottom: 0px !important;}\u00a0\u00bb][vc_column][vc_raw_html]JTNDaWZyYW1lJTIwc3JjJTNEJTIyaHR0cHMlM0ElMkYlMkZ3d3cuZ29vZ2xlLmNvbSUyRm1hcHMlMkZlbWJlZCUzRnBiJTNEJTIxMW0xOCUyMTFtMTIlMjExbTMlMjExZDE3MzAuNDE0NTYzNzgyMzgwNiUyMTJkLTEuMjg2NTcwMzE0OTUxNTE1NSUyMTNkNDkuNDcxNDI3NDM5MzAzOSUyMTJtMyUyMTFmMCUyMTJmMCUyMTNmMCUyMTNtMiUyMTFpMTAyNCUyMTJpNzY4JTIxNGYxMy4xJTIxM20zJTIxMW0yJTIxMXMweDQ4MGI3YmFkNmIyNDAxYmQlMjUzQTB4YjVhOGQ0YmE5MDg0MjI2MyUyMTJzNCUyNTIwUnRlJTI1MjBkZSUyNTIwbGElMjUyMEJhcmJlcmllJTI1MkMlMjUyMDUwMzEwJTI1MjBTYWludC1NYXJjb3VmJTIxNWUwJTIxM20yJTIxMXNmciUyMTJzZnIlMjE0djE2NTM3MjkwMzg3MDAlMjE1bTIlMjExc2ZyJTIxMnNmciUyMiUyMHdpZHRoJTNEJTIyMTAwJTI1JTIyJTIwaGVpZ2h0JTNEJTIyMzUwJTIyJTIwc3R5bGUlM0QlMjJib3JkZXIlM0EwJTNCJTIyJTIwYWxsb3dmdWxsc2NyZWVuJTNEJTIyJTIyJTIwbG9hZGluZyUzRCUyMmxhenklMjIlMjByZWZlcnJlcnBvbGljeSUzRCUyMm5vLXJlZmVycmVyLXdoZW4tZG93bmdyYWRlJTIyJTNFJTNDJTJGaWZyYW1lJTNF[\/vc_raw_html][\/vc_column][\/vc_row]<\/p>\n","protected":false},"excerpt":{"rendered":"<p>[vc_row row_content_position=\u00a0\u00bbmiddle\u00a0\u00bb row_equal_height=\u00a0\u00bbyes\u00a0\u00bb fullwidth=\u00a0\u00bbyes\u00a0\u00bb][vc_column width=\u00a0\u00bb1\/2&Prime; css=\u00a0\u00bb.vc_custom_1652967336276{padding-top: 40px !important;padding-right: 10% !important;padding-bottom: 40px !important;padding-left: 10% !important;background-position: center !important;background-repeat: no-repeat !important;background-size: cover !important;}\u00a0\u00bb el_class=\u00a0\u00bbbg_droite_bas\u00a0\u00bb][vc_empty_space height=\u00a0\u00bb40px\u00a0\u00bb][vc_custom_heading text=\u00a0\u00bbG\u00eete Sainte m\u00e8re \u00e9glise\u00a0\u00bb font_container=\u00a0\u00bbtag:h4|text_align:center|color:%230e8cff\u00a0\u00bb use_theme_fonts=\u00a0\u00bbyes\u00a0\u00bb css=\u00a0\u00bb.vc_custom_1668628594985{margin-bottom: 0px !important;padding-bottom: 0px !important;}\u00a0\u00bb][vc_custom_heading text=\u00a0\u00bbD\u00e9couvrez les lieux historiques du d\u00e9barquement\u00a0\u00bb font_container=\u00a0\u00bbtag:h4|font_size:18px|text_align:center|color:%231c3a5c|line_height:18px\u00a0\u00bb use_theme_fonts=\u00a0\u00bbyes\u00a0\u00bb][vc_empty_space][vc_column_text]Cette maison de vacances proche de Sainte M\u00e8re \u00c9glise comprend<\/p>\n","protected":false},"author":2,"featured_media":0,"parent":0,"menu_order":0,"comment_status":"closed","ping_status":"closed","template":"","meta":{"footnotes":""},"class_list":["post-465","page","type-page","status-publish","hentry"],"_links":{"self":[{"href":"https:\/\/la-barberie.fr\/index.php?rest_route=\/wp\/v2\/pages\/465","targetHints":{"allow":["GET"]}}],"collection":[{"href":"https:\/\/la-barberie.fr\/index.php?rest_route=\/wp\/v2\/pages"}],"about":[{"href":"https:\/\/la-barberie.fr\/index.php?rest_route=\/wp\/v2\/types\/page"}],"author":[{"embeddable":true,"href":"https:\/\/la-barberie.fr\/index.php?rest_route=\/wp\/v2\/users\/2"}],"replies":[{"embeddable":true,"href":"https:\/\/la-barberie.fr\/index.php?rest_route=%2Fwp%2Fv2%2Fcomments&post=465"}],"version-history":[{"count":5,"href":"https:\/\/la-barberie.fr\/index.php?rest_route=\/wp\/v2\/pages\/465\/revisions"}],"predecessor-version":[{"id":492,"href":"https:\/\/la-barberie.fr\/index.php?rest_route=\/wp\/v2\/pages\/465\/revisions\/492"}],"wp:attachment":[{"href":"https:\/\/la-barberie.fr\/index.php?rest_route=%2Fwp%2Fv2%2Fmedia&parent=465"}],"curies":[{"name":"wp","href":"https:\/\/api.w.org\/{rel}","templated":true}]}}