{"id":410,"date":"2022-09-17T11:29:04","date_gmt":"2022-09-17T09:29:04","guid":{"rendered":"https:\/\/la-barberie.fr\/?page_id=410"},"modified":"2023-06-29T18:39:24","modified_gmt":"2023-06-29T16:39:24","slug":"conditions-generales-de-vente","status":"publish","type":"page","link":"https:\/\/la-barberie.fr\/?page_id=410","title":{"rendered":"Conditions G\u00e9n\u00e9rales de Vente"},"content":{"rendered":"<p>[vc_row el_class=\u00a0\u00bblistes\u00a0\u00bb][vc_column][vc_custom_heading text=\u00a0\u00bbConditions d&rsquo;annulation\u00a0\u00bb font_container=\u00a0\u00bbtag:h4|text_align:left|color:%230e8cff\u00a0\u00bb use_theme_fonts=\u00a0\u00bbyes\u00a0\u00bb][vc_column_text]Remboursement \u00e0 hauteur de 100 % du montant pay\u00e9 si vous annulez au moins 1 mois avant l\u2019arriv\u00e9e.<br \/>\nRemboursement \u00e0 hauteur de 50 % du montant pay\u00e9 (moins les frais de service) si vous annulez au moins 14 jours avant l\u2019arriv\u00e9e.<br \/>\nAucun remboursement si vous annulez moins de 14 jours avant l\u2019arriv\u00e9e.<\/p>\n<p>Les dates limites pour l\u2019annulation sans frais sont d\u00e9finies selon le fuseau horaire de la propri\u00e9t\u00e9. En savoir plus sur les politiques d&rsquo;annulation.[\/vc_column_text][vc_custom_heading text=\u00a0\u00bbDommages et frais accessoires\u00a0\u00bb font_container=\u00a0\u00bbtag:h4|text_align:left|color:%230e8cff\u00a0\u00bb use_theme_fonts=\u00a0\u00bbyes\u00a0\u00bb][vc_column_text]Vous pourrez \u00eatre tenu responsable en cas de dommages caus\u00e9s \u00e0 la location de vacances durant votre s\u00e9jour.[\/vc_column_text][vc_custom_heading text=\u00a0\u00bbR\u00e8glement int\u00e9rieur\u00a0\u00bb font_container=\u00a0\u00bbtag:h4|text_align:left|color:%230e8cff\u00a0\u00bb use_theme_fonts=\u00a0\u00bbyes\u00a0\u00bb][vc_column_text]Arriv\u00e9e apr\u00e8s 16:00- D\u00e9part avant 10:00<\/p>\n<p>Nombre maximum de vacanciers : 10<br \/>\n\u00c2ge minimum pour louer une propri\u00e9t\u00e9 : 18<\/p>\n<p>Convient aux enfants : de 0 \u00e0 17 ans<\/p>\n<p>Animaux de compagnie accept\u00e9s : jusqu\u2019\u00e0 2 chats ou chiens (de toute taille) Sur demande<\/p>\n<ul>\n<li>Les \u00e9v\u00e9nements ne sont pas autoris\u00e9s<\/li>\n<li>Interdit de fumer<\/li>\n<\/ul>\n<p>[\/vc_column_text][\/vc_column][\/vc_row]<\/p>\n","protected":false},"excerpt":{"rendered":"<p>[vc_row el_class=\u00a0\u00bblistes\u00a0\u00bb][vc_column][vc_custom_heading text=\u00a0\u00bbConditions d&rsquo;annulation\u00a0\u00bb font_container=\u00a0\u00bbtag:h4|text_align:left|color:%230e8cff\u00a0\u00bb use_theme_fonts=\u00a0\u00bbyes\u00a0\u00bb][vc_column_text]Remboursement \u00e0 hauteur de 100 % du montant pay\u00e9 si vous annulez au moins 1 mois avant l\u2019arriv\u00e9e. Remboursement \u00e0 hauteur de 50 % du montant pay\u00e9 (moins les frais de service) si vous annulez au moins 14 jours avant l\u2019arriv\u00e9e. Aucun remboursement si vous<\/p>\n","protected":false},"author":2,"featured_media":0,"parent":0,"menu_order":0,"comment_status":"closed","ping_status":"closed","template":"","meta":{"footnotes":""},"class_list":["post-410","page","type-page","status-publish","hentry"],"_links":{"self":[{"href":"https:\/\/la-barberie.fr\/index.php?rest_route=\/wp\/v2\/pages\/410","targetHints":{"allow":["GET"]}}],"collection":[{"href":"https:\/\/la-barberie.fr\/index.php?rest_route=\/wp\/v2\/pages"}],"about":[{"href":"https:\/\/la-barberie.fr\/index.php?rest_route=\/wp\/v2\/types\/page"}],"author":[{"embeddable":true,"href":"https:\/\/la-barberie.fr\/index.php?rest_route=\/wp\/v2\/users\/2"}],"replies":[{"embeddable":true,"href":"https:\/\/la-barberie.fr\/index.php?rest_route=%2Fwp%2Fv2%2Fcomments&post=410"}],"version-history":[{"count":6,"href":"https:\/\/la-barberie.fr\/index.php?rest_route=\/wp\/v2\/pages\/410\/revisions"}],"predecessor-version":[{"id":493,"href":"https:\/\/la-barberie.fr\/index.php?rest_route=\/wp\/v2\/pages\/410\/revisions\/493"}],"wp:attachment":[{"href":"https:\/\/la-barberie.fr\/index.php?rest_route=%2Fwp%2Fv2%2Fmedia&parent=410"}],"curies":[{"name":"wp","href":"https:\/\/api.w.org\/{rel}","templated":true}]}}