{"id":35,"date":"2022-03-21T14:56:10","date_gmt":"2022-03-21T13:56:10","guid":{"rendered":"https:\/\/la-barberie.fr\/?page_id=35"},"modified":"2022-09-25T11:44:42","modified_gmt":"2022-09-25T09:44:42","slug":"nous-contacter-nous-situer","status":"publish","type":"page","link":"https:\/\/la-barberie.fr\/?page_id=35","title":{"rendered":"Contacter \/ Situer"},"content":{"rendered":"<p>[vc_row row_content_position=\u00a0\u00bbmiddle\u00a0\u00bb el_class=\u00a0\u00bbombre_interne iconescontact\u00a0\u00bb css=\u00a0\u00bb.vc_custom_1650981612968{padding-top: 40px !important;padding-bottom: 40px !important;}\u00a0\u00bb][vc_column width=\u00a0\u00bb1\/2&Prime;]<div class=\"prelude-icon-box clearfix icon-left align-left hover-style-2 link-hover-accent simple\" style=\"background-color:#f2f2f2;padding:10px;\" ><div class=\"hover\" style=\"\"><\/div><div class=\"wrap-inner\" style=\"position: relative;\"><div class=\"prelude-icon icon-2019203875 icon-font custom custom\"  data-icon=\"#0e8cff\" data-background=\"\">\n\t\t\t<span class=\"icon\" style=\"font-size:30px;width:60px;height:60px;border-style:solid;\"><i class=\"entypo-icon entypo-icon-phone\"><\/i><\/span>\n\t\t<\/div> <div class=\"content-wrap\"><h4 class=\"heading \" style=\"padding-left:50px;color:#0e8cff;font-size:22px;line-height:60px;\">\n\t\t\t<span>Adresse<\/span>\n\t\t<\/h4><div class=\"desc\" style=\"padding-left:50px;color:#000000;\"><p>4 route de la Barberie &#8211; 50310 Saint-Marcouf<\/p>\n<\/div><\/div><\/div><\/div>\n\t<div class=\"prelude-spacer clearfix\" data-desktop=\"0\" data-mobi=\"30\" data-smobi=\"30\"><\/div>[\/vc_column][vc_column width=\u00a0\u00bb1\/2&Prime;]<div class=\"prelude-icon-box clearfix icon-left align-left hover-style-2 link-hover-accent simple\" style=\"background-color:#f2f2f2;padding:10px;\" ><div class=\"hover\" style=\"\"><\/div><div class=\"wrap-inner\" style=\"position: relative;\"><div class=\"prelude-icon icon-253339158 icon-font custom custom\"  data-icon=\"#0e8cff\" data-background=\"\">\n\t\t\t<span class=\"icon\" style=\"font-size:30px;width:60px;height:60px;border-style:solid;\"><i class=\"entypo-icon entypo-icon-phone\"><\/i><\/span>\n\t\t<\/div> <div class=\"content-wrap\"><h4 class=\"heading \" style=\"padding-left:50px;color:#0e8cff;font-size:22px;line-height:60px;\">\n\t\t\t<a href=\"tel:+33658844114\">\n\t\t\t\t<span>06 58 84 41 14 - 06 25 86 36 35<\/span>\n\t\t\t<\/a>\n\t\t<\/h4><div class=\"desc\" style=\"padding-left:50px;\"><p>Contactez-nous par t\u00e9l\u00e9phone<\/p>\n<\/div><\/div><\/div><\/div>[\/vc_column][\/vc_row][vc_row fullwidth=\u00a0\u00bbyes\u00a0\u00bb][vc_column][vc_raw_html]JTNDaWZyYW1lJTIwc3JjJTNEJTIyaHR0cHMlM0ElMkYlMkZ3d3cuZ29vZ2xlLmNvbSUyRm1hcHMlMkZlbWJlZCUzRnBiJTNEJTIxMW0xOCUyMTFtMTIlMjExbTMlMjExZDE3MzAuNDE0NTYzNzgyMzgwNiUyMTJkLTEuMjg2NTcwMzE0OTUxNTE1NSUyMTNkNDkuNDcxNDI3NDM5MzAzOSUyMTJtMyUyMTFmMCUyMTJmMCUyMTNmMCUyMTNtMiUyMTFpMTAyNCUyMTJpNzY4JTIxNGYxMy4xJTIxM20zJTIxMW0yJTIxMXMweDQ4MGI3YmFkNmIyNDAxYmQlMjUzQTB4YjVhOGQ0YmE5MDg0MjI2MyUyMTJzNCUyNTIwUnRlJTI1MjBkZSUyNTIwbGElMjUyMEJhcmJlcmllJTI1MkMlMjUyMDUwMzEwJTI1MjBTYWludC1NYXJjb3VmJTIxNWUwJTIxM20yJTIxMXNmciUyMTJzZnIlMjE0djE2NTM3MjkwMzg3MDAlMjE1bTIlMjExc2ZyJTIxMnNmciUyMiUyMHdpZHRoJTNEJTIyMTAwJTI1JTIyJTIwaGVpZ2h0JTNEJTIyMzUwJTIyJTIwc3R5bGUlM0QlMjJib3JkZXIlM0EwJTNCJTIyJTIwYWxsb3dmdWxsc2NyZWVuJTNEJTIyJTIyJTIwbG9hZGluZyUzRCUyMmxhenklMjIlMjByZWZlcnJlcnBvbGljeSUzRCUyMm5vLXJlZmVycmVyLXdoZW4tZG93bmdyYWRlJTIyJTNFJTNDJTJGaWZyYW1lJTNF[\/vc_raw_html][\/vc_column][\/vc_row][vc_row row_equal_height=\u00a0\u00bbyes\u00a0\u00bb fullwidth=\u00a0\u00bbyes\u00a0\u00bb][vc_column width=\u00a0\u00bb1\/2&Prime; css=\u00a0\u00bb.vc_custom_1647442646936{padding-top: 40px !important;padding-right: 10% !important;padding-bottom: 40px !important;padding-left: 10% !important;}\u00a0\u00bb][vc_text_separator title=\u00a0\u00bbContactez-nous par e-mail\u00a0\u00bb color=\u00a0\u00bbcustom\u00a0\u00bb css_animation=\u00a0\u00bbnone\u00a0\u00bb accent_color=\u00a0\u00bb#0e8cff\u00a0\u00bb][vc_empty_space]\n<div class=\"wpcf7 no-js\" id=\"wpcf7-f11-o1\" lang=\"fr-FR\" dir=\"ltr\" data-wpcf7-id=\"11\">\n<div class=\"screen-reader-response\"><p role=\"status\" aria-live=\"polite\" aria-atomic=\"true\"><\/p> <ul><\/ul><\/div>\n<form action=\"\/index.php?rest_route=%2Fwp%2Fv2%2Fpages%2F35#wpcf7-f11-o1\" method=\"post\" class=\"wpcf7-form init\" aria-label=\"Formulaire de contact\" novalidate=\"novalidate\" data-status=\"init\">\n<div style=\"display: none;\">\n<input type=\"hidden\" name=\"_wpcf7\" value=\"11\" \/>\n<input type=\"hidden\" name=\"_wpcf7_version\" value=\"6.0.4\" \/>\n<input type=\"hidden\" name=\"_wpcf7_locale\" value=\"fr_FR\" \/>\n<input type=\"hidden\" name=\"_wpcf7_unit_tag\" value=\"wpcf7-f11-o1\" \/>\n<input type=\"hidden\" name=\"_wpcf7_container_post\" value=\"0\" \/>\n<input type=\"hidden\" name=\"_wpcf7_posted_data_hash\" value=\"\" \/>\n<\/div>\n<p><span class=\"wpcf7-form-control-wrap\" data-name=\"nom-prenom\"><input size=\"40\" maxlength=\"400\" class=\"wpcf7-form-control wpcf7-text wpcf7-validates-as-required\" aria-required=\"true\" aria-invalid=\"false\" placeholder=\"Nom \/ Pr\u00e9nom\" value=\"\" type=\"text\" name=\"nom-prenom\" \/><\/span>\n<\/p>\n<p><span class=\"wpcf7-form-control-wrap\" data-name=\"tel\"><input size=\"40\" maxlength=\"400\" class=\"wpcf7-form-control wpcf7-text wpcf7-validates-as-required\" aria-required=\"true\" aria-invalid=\"false\" placeholder=\"T\u00e9l\u00e9phone\" value=\"\" type=\"text\" name=\"tel\" \/><\/span>\n<\/p>\n<p><span class=\"wpcf7-form-control-wrap\" data-name=\"votre-email\"><input size=\"40\" maxlength=\"400\" class=\"wpcf7-form-control wpcf7-email wpcf7-validates-as-required wpcf7-text wpcf7-validates-as-email\" aria-required=\"true\" aria-invalid=\"false\" placeholder=\"Adresse e-mail\" value=\"\" type=\"email\" name=\"votre-email\" \/><\/span>\n<\/p>\n<p><span class=\"wpcf7-form-control-wrap\" data-name=\"objet\"><input size=\"40\" maxlength=\"400\" class=\"wpcf7-form-control wpcf7-text\" aria-invalid=\"false\" placeholder=\"Objet\" value=\"\" type=\"text\" name=\"objet\" \/><\/span>\n<\/p>\n<p><span class=\"wpcf7-form-control-wrap\" data-name=\"votre-message\"><textarea cols=\"40\" rows=\"3\" maxlength=\"2000\" class=\"wpcf7-form-control wpcf7-textarea\" aria-invalid=\"false\" placeholder=\"Expliquez-nous votre demande\" name=\"votre-message\"><\/textarea><\/span>\n<\/p>\n<p><span class=\"wpcf7-form-control-wrap\" data-name=\"accepte\"><span class=\"wpcf7-form-control wpcf7-checkbox wpcf7-validates-as-required accepte\"><span class=\"wpcf7-list-item first last\"><input type=\"checkbox\" name=\"accepte[]\" value=\"En soumettant ce formulaire, j&#039;accepte que les informations saisies dans ce formulaire soient utilis\u00e9es, exploit\u00e9es, trait\u00e9es pour permettre de me recontacter dans le cadre de la relation commerciale qui d\u00e9coule de cette prise de contact.*\" \/><span class=\"wpcf7-list-item-label\">En soumettant ce formulaire, j&#039;accepte que les informations saisies dans ce formulaire soient utilis\u00e9es, exploit\u00e9es, trait\u00e9es pour permettre de me recontacter dans le cadre de la relation commerciale qui d\u00e9coule de cette prise de contact.*<\/span><\/span><\/span><\/span>\n<\/p>\n<div id=\"cf7sr-69f4afa9bdfee\" class=\"cf7sr-g-recaptcha\" data-theme=\"light\" data-type=\"image\" data-size=\"normal\" data-sitekey=\"6LeMpCUgAAAAAImcinjygr6loAJzkMmWSAECFqLP\"><\/div><span class=\"wpcf7-form-control-wrap cf7sr-recaptcha\" data-name=\"cf7sr-recaptcha\"><input type=\"hidden\" name=\"cf7sr-recaptcha\" value=\"\" class=\"wpcf7-form-control\"><\/span>\n<\/p>\n<p><input class=\"wpcf7-form-control wpcf7-submit has-spinner\" type=\"submit\" value=\"Envoyer\" \/>\n<\/p><div class=\"wpcf7-response-output\" aria-hidden=\"true\"><\/div>\n<\/form>\n<\/div>\n[\/vc_column][vc_column width=\u00a0\u00bb1\/2&Prime; css=\u00a0\u00bb.vc_custom_1663410667495{background-image: url(https:\/\/la-barberie.fr\/wp-content\/uploads\/2022\/08\/gite_normandie_24.jpg?id=220) !important;background-position: center !important;background-repeat: no-repeat !important;background-size: cover !important;}\u00a0\u00bb]\n\t<div class=\"prelude-spacer clearfix\" data-desktop=\"400\" data-mobi=\"300\" data-smobi=\"300\"><\/div>[\/vc_column][\/vc_row]<\/p>\n","protected":false},"excerpt":{"rendered":"<p>[vc_row row_content_position=\u00a0\u00bbmiddle\u00a0\u00bb el_class=\u00a0\u00bbombre_interne iconescontact\u00a0\u00bb css=\u00a0\u00bb.vc_custom_1650981612968{padding-top: 40px !important;padding-bottom: 40px !important;}\u00a0\u00bb][vc_column width=\u00a0\u00bb1\/2&Prime;][\/vc_column][vc_column width=\u00a0\u00bb1\/2&Prime;][\/vc_column][\/vc_row][vc_row fullwidth=\u00a0\u00bbyes\u00a0\u00bb][vc_column][vc_raw_html]JTNDaWZyYW1lJTIwc3JjJTNEJTIyaHR0cHMlM0ElMkYlMkZ3d3cuZ29vZ2xlLmNvbSUyRm1hcHMlMkZlbWJlZCUzRnBiJTNEJTIxMW0xOCUyMTFtMTIlMjExbTMlMjExZDE3MzAuNDE0NTYzNzgyMzgwNiUyMTJkLTEuMjg2NTcwMzE0OTUxNTE1NSUyMTNkNDkuNDcxNDI3NDM5MzAzOSUyMTJtMyUyMTFmMCUyMTJmMCUyMTNmMCUyMTNtMiUyMTFpMTAyNCUyMTJpNzY4JTIxNGYxMy4xJTIxM20zJTIxMW0yJTIxMXMweDQ4MGI3YmFkNmIyNDAxYmQlMjUzQTB4YjVhOGQ0YmE5MDg0MjI2MyUyMTJzNCUyNTIwUnRlJTI1MjBkZSUyNTIwbGElMjUyMEJhcmJlcmllJTI1MkMlMjUyMDUwMzEwJTI1MjBTYWludC1NYXJjb3VmJTIxNWUwJTIxM20yJTIxMXNmciUyMTJzZnIlMjE0djE2NTM3MjkwMzg3MDAlMjE1bTIlMjExc2ZyJTIxMnNmciUyMiUyMHdpZHRoJTNEJTIyMTAwJTI1JTIyJTIwaGVpZ2h0JTNEJTIyMzUwJTIyJTIwc3R5bGUlM0QlMjJib3JkZXIlM0EwJTNCJTIyJTIwYWxsb3dmdWxsc2NyZWVuJTNEJTIyJTIyJTIwbG9hZGluZyUzRCUyMmxhenklMjIlMjByZWZlcnJlcnBvbGljeSUzRCUyMm5vLXJlZmVycmVyLXdoZW4tZG93bmdyYWRlJTIyJTNFJTNDJTJGaWZyYW1lJTNF[\/vc_raw_html][\/vc_column][\/vc_row][vc_row row_equal_height=\u00a0\u00bbyes\u00a0\u00bb fullwidth=\u00a0\u00bbyes\u00a0\u00bb][vc_column width=\u00a0\u00bb1\/2&Prime; css=\u00a0\u00bb.vc_custom_1647442646936{padding-top: 40px !important;padding-right: 10% !important;padding-bottom: 40px !important;padding-left: 10% !important;}\u00a0\u00bb][vc_text_separator title=\u00a0\u00bbContactez-nous par e-mail\u00a0\u00bb color=\u00a0\u00bbcustom\u00a0\u00bb css_animation=\u00a0\u00bbnone\u00a0\u00bb accent_color=\u00a0\u00bb#0e8cff\u00a0\u00bb][vc_empty_space][\/vc_column][vc_column width=\u00a0\u00bb1\/2&Prime; css=\u00a0\u00bb.vc_custom_1663410667495{background-image: url(https:\/\/la-barberie.fr\/wp-content\/uploads\/2022\/08\/gite_normandie_24.jpg?id=220) !important;background-position: center !important;background-repeat: no-repeat !important;background-size: cover !important;}\u00a0\u00bb][\/vc_column][\/vc_row]<\/p>\n","protected":false},"author":2,"featured_media":0,"parent":0,"menu_order":0,"comment_status":"closed","ping_status":"closed","template":"","meta":{"footnotes":""},"class_list":["post-35","page","type-page","status-publish","hentry"],"_links":{"self":[{"href":"https:\/\/la-barberie.fr\/index.php?rest_route=\/wp\/v2\/pages\/35","targetHints":{"allow":["GET"]}}],"collection":[{"href":"https:\/\/la-barberie.fr\/index.php?rest_route=\/wp\/v2\/pages"}],"about":[{"href":"https:\/\/la-barberie.fr\/index.php?rest_route=\/wp\/v2\/types\/page"}],"author":[{"embeddable":true,"href":"https:\/\/la-barberie.fr\/index.php?rest_route=\/wp\/v2\/users\/2"}],"replies":[{"embeddable":true,"href":"https:\/\/la-barberie.fr\/index.php?rest_route=%2Fwp%2Fv2%2Fcomments&post=35"}],"version-history":[{"count":17,"href":"https:\/\/la-barberie.fr\/index.php?rest_route=\/wp\/v2\/pages\/35\/revisions"}],"predecessor-version":[{"id":451,"href":"https:\/\/la-barberie.fr\/index.php?rest_route=\/wp\/v2\/pages\/35\/revisions\/451"}],"wp:attachment":[{"href":"https:\/\/la-barberie.fr\/index.php?rest_route=%2Fwp%2Fv2%2Fmedia&parent=35"}],"curies":[{"name":"wp","href":"https:\/\/api.w.org\/{rel}","templated":true}]}}